{"id":107,"date":"2025-10-11T16:01:22","date_gmt":"2025-10-11T14:01:22","guid":{"rendered":"http:\/\/www2.cisarperugia.it\/?page_id=107"},"modified":"2026-01-20T19:00:03","modified_gmt":"2026-01-20T18:00:03","slug":"statuto","status":"publish","type":"page","link":"https:\/\/www.cisarperugia.it\/index.php\/statuto\/","title":{"rendered":"Statuto"},"content":{"rendered":"\n<p class=\"has-text-align-left\">STATUTO CISAR PERUGIA <\/p>\n\n\n\n<p><strong><em><u>Art. 1. Denominazione e Sede<\/u><\/em><\/strong><strong><em><u><\/u><\/em><\/strong><\/p>\n\n\n\n<p>E\u2019 costituita, ai sensi del Codice Civile e del D.Lgs 117\/2017 e successive modifiche, l\u2019Associazione denominata <em>\u201c<strong>Associazione Nazionale Radioamatori CISAR Sezione di Perugia\u201d<\/strong> <\/em>(in sigla <em>CISAR<\/em> <em>Perugia<\/em>), avente temporaneamente sede in via della Madonna Alta, 151 presso Istituto Scolastico IPC Pascal. L\u2019eventuale variazione di indirizzo nell\u2019ambito del Comune di Perugia non dovr\u00e0 intendersi come modifica del presente Statuto. L\u2019Associazione potr\u00e0 istituire sedi secondarie e succursali. Un suo eventuale scioglimento dovr\u00e0 essere deliberato dall\u2019Assemblea dei Soci nelle forme previste dal presente Statuto.<\/p>\n\n\n\n<ul class=\"wp-block-list\">\n<li>L\u2019Associazione non persegue fini di lucro.<\/li>\n\n\n\n<li>\u00c8 apartitica e aconfessionale.<\/li>\n\n\n\n<li>La struttura dell\u2019Associazione \u00e8 fissata secondo i criteri di democraticit\u00e0.<\/li>\n\n\n\n<li>Tutte le cariche sono prestate in modo personale, spontanee, e gratuite.<\/li>\n\n\n\n<li>Parte integrante del presente Statuto \u00e8 il Regolamento Interno che pu\u00f2 essere modificato&nbsp; a maggioranza dall\u2019Assemblea Ordinaria dei Soci.<\/li>\n<\/ul>\n\n\n\n<p><strong><em><u>Art. 2. Finalit\u00e0<\/u><\/em><\/strong><strong><em><u><\/u><\/em><\/strong><\/p>\n\n\n\n<ol class=\"wp-block-list\">\n<li>riunire a scopo scientifico e culturale Radioamatori, SWL, Simpatizzanti e Sperimentatori della Radio;<\/li>\n\n\n\n<li>organizzare e promuovere sperimentazioni, prove, manifestazioni e attivit\u00e0 ricreative incrementando studi scientifici in campo radioamatoriale;<\/li>\n\n\n\n<li>mantenere relazioni e promuovere l\u2019unit\u00e0 d\u2019intenti con analoghe Associazioni o Club;<\/li>\n\n\n\n<li>promuovere e tenere i contatti con le Autorit\u00e0 pubbliche;<\/li>\n\n\n\n<li>promuovere tutte quelle attivit\u00e0 e iniziative ritenute opportune alla propria crescita e allo sviluppo;<\/li>\n\n\n\n<li>coordinare tutte le iniziative e manifestazioni proposte dai Soci, previo parere del Consiglio Direttivo;<\/li>\n\n\n\n<li>organizzare corsi finalizzati al conseguimento della Patente di Operatore di Stazione Radioamatore;<\/li>\n\n\n\n<li>organizzare didattica formativa di carattere generale relativa alle telecomunicazioni;<\/li>\n\n\n\n<li>l\u2019Associazione CISAR Perugia pu\u00f2 dare adesione ad Associazioni, Consorzi o Movimenti che, a livello provinciale, regionale e nazionale perseguano scopi affini od analoghi al proprio;<\/li>\n\n\n\n<li>l\u2019Associazione CISAR Perugia pu\u00f2 farsi promotrice di attivit\u00e0 culturali in genere e di quante altre siano atte a favorire il perseguimento delle finalit\u00e0 associative;<\/li>\n\n\n\n<li>\u00e8 garantita a tutti gli aderenti la pi\u00f9 ampia libert\u00e0 di espressione.<\/li>\n<\/ol>\n\n\n\n<p><strong><em><u>Art. 3. Soci<\/u><\/em><\/strong><strong><em><u><\/u><\/em><\/strong><\/p>\n\n\n\n<ol class=\"wp-block-list\">\n<li>Sono Ammesse all\u2019Associazione tutte le persone fisiche (se minorenni con l\u2019autorizzazione dei genitori) che, oltre a condividerne gli scopi, siano in possesso di Patente di Operatore di Stazione Radioamatore, Autorizzazione Generale o Attestato Ministeriale di radio ascolto SWL. Possono altres\u00ec essere ammessi anche semplici appassionati della materia, che condividano le aspirazioni fondamentali che animano l\u2019Associazione e che accettino il presente Statuto e Regolamento Interno;<\/li>\n\n\n\n<li>Il numero dei Soci \u00e8 illimitato. Essi prestano la loro attivit\u00e0 in modo personale, spontanea e gratuita;<\/li>\n\n\n\n<li>Sono ammessi in qualit\u00e0 di Socio, tutti coloro che abbiano versato la quota associativa ed abbiano ottenuto il benestare dal Consiglio Direttivo.<\/li>\n\n\n\n<li>La qualit\u00e0 di Socio si perde per mancato pagamento della Quota Associativa, per decesso, per dimissioni, per non rispettare il codice etico e deontologico del Radioamatore&nbsp; e per inosservanza del presente Statuto e del Regolamento Interno.<\/li>\n\n\n\n<li>La perdita della qualit\u00e0 di Socio non d\u00e0 diritto al rimborso della quota sociale n\u00e9 della quota parte del patrimonio dell\u2019Associazione, n\u00e9 ad alcun risarcimento;<\/li>\n\n\n\n<li> Sono previste tre tipologie di Soci:<\/li>\n<\/ol>\n\n\n\n<p>a.&nbsp;<em>Soci Fondatori<\/em>: Sono coloro i quali hanno fondato l\u2019Associazione sottoscrivendone l\u2019atto di Costituzione. Essi hanno diritto al voto, sono eleggibili alle Cariche Sociali e versano la quota sociale annuale;<\/p>\n\n\n\n<p>b.&nbsp;<em>Soci Ordinari<\/em>: Sono coloro che avendo fatto domanda d\u2019iscrizione e, versato la quota sociale annuale sottoscrivono tacitamente lo Statuto e il Regolamento Interno, hanno ottenuto l\u2019accettazione dal Consiglio Direttivo. Essi hanno pieno diritto al voto e sono eleggibili alle Cariche Sociali;<\/p>\n\n\n\n<p>c.&nbsp;<em>Soci Onorari<\/em>: Vengono nominati per speciali benemerenze dal Consiglio Direttivo. I Soci Onorari possono partecipare alle assemblee ma non hanno diritto di voto, non possono essere eletti negli Organi Sociali, sono esonerati dal pagamento della quota associativa ma possono versare quote volontarie o fare donazioni.<\/p>\n\n\n\n<p>L&#8217;iscrizione all&#8217;Associazione CISAR Perugia \u00e8 soggetta al rinnovo annuale, con scadenza il 31 dicembre di ogni anno.<\/p>\n\n\n\n<p><strong><em><u>Art. 4. Gratuit\u00e0 delle cariche<\/u><\/em><\/strong><strong><em><u><\/u><\/em><\/strong><\/p>\n\n\n\n<p>Tutte le cariche associative sono gratuite e prestate in modo personale e spontaneo. Esse hanno la durata di tre anni e possono essere riconfermate. Le sostituzioni effettuate nel corso del triennio decadono allo scadere del triennio medesimo.<\/p>\n\n\n\n<p><strong><em><u>Art. 5. Patrimonio<\/u><\/em><\/strong><strong><em><u><\/u><\/em><\/strong><\/p>\n\n\n\n<ol class=\"wp-block-list\">\n<li>Il Patrimonio \u00e8 costituito dalle Quote Sociali, dai beni mobili ed immobili che acquisiti nel tempo diverranno di propriet\u00e0 dell\u2019Associazione;<\/li>\n\n\n\n<li>da eventuali fondi di riserva costituiti con le eccedenze di bilancio;<\/li>\n\n\n\n<li>da eventuali erogazioni, donazioni e lasciti;<\/li>\n\n\n\n<li>il patrimonio sociale non \u00e8 mai ripartito tra i Soci, neanche in caso di scioglimento o liquidazione dell\u2019Associazione;<\/li>\n\n\n\n<li>la gestione del Patrimonio Sociale \u00e8 a cura del Consiglio Direttivo protempore in carica;<\/li>\n\n\n\n<li>il Patrimonio non pu\u00f2 in alcun modo essere destinato a finalit\u00e0 diverse da quelle previste dagli scopi e finalit\u00e0 dell\u2019Associazione CISAR Perugia;<\/li>\n\n\n\n<li>in caso di scioglimento il Patrimonio, dedotte le spese, dovr\u00e0 essere devoluto ad una Associazione Radioamatori avente le stesse caratteristiche;<\/li>\n\n\n\n<li>l\u2019esercizio finanziario chiude il 31 dicembre di ogni anno. Alla fine di ogni anno verranno predisposti dal Consiglio Direttivo il bilancio consuntivo e il bilancio preventivo del successivo esercizio.<\/li>\n<\/ol>\n\n\n\n<p><strong><em><u>Art. 6 Amministrazione<\/u><\/em><\/strong><\/p>\n\n\n\n<p>L\u2019Associazione CISAR Perugia \u00e8 amministrata dal Consiglio Direttivo che \u00e8 composto da almeno 5 membri eletti dai Soci tramite elezioni. Contestualmente \u00e8 eletto dai Soci anche il Collegio Sindacale composto da almeno tre membri. In caso di dimissioni o decesso di un solo Consigliere, il Consiglio Direttivo alla prima riunione utile provvede alla sua sostituzione per cooptazione.<\/p>\n\n\n\n<p>Il Consiglio Direttivo nomina nel proprio seno Presidente, Vice Presidente, Segretario e Consiglieri. Pu\u00f2 essere nominato tra gli eletti al Consiglio Direttivo il Tesoriere. Nessun compenso \u00e8 dovuto ai membri del Consiglio Direttivo e ai membri del Collegio Sindacale.<\/p>\n\n\n\n<p>Il Consiglio Direttivo si riunisce tutte le volte che il Presidente lo ritenga necessario o che ne sia fatta richiesta da almeno tre dei suoi componenti, e comunque almeno una volta all\u2019anno.<\/p>\n\n\n\n<p>Per la validit\u00e0 delle delibere consiliari occorre la presenza effettiva della maggioranza dei membri del Consiglio oltre al voto favorevole della maggioranza dei presenti.<\/p>\n\n\n\n<p>Il Consiglio Direttivo \u00e8 presieduto dal Presidente ed in sua assenza, dal Vice Presidente o dal Segretario.<\/p>\n\n\n\n<p><strong><em><u>Art. 7. Assemblee<\/u><\/em><\/strong><\/p>\n\n\n\n<ol class=\"wp-block-list\">\n<li><strong><em>Assembla Ordinaria<\/em><\/strong>:<\/li>\n<\/ol>\n\n\n\n<p>i Soci sono convocati in Assemblea Ordinaria dal Consiglio Direttivo almeno una volta all\u2019anno mediante convocazione scritta a ciascun Socio. La convocazione dovr\u00e0 essere inviata almeno quindici giorni prima della data della predetta assemblea e conterr\u00e0 l\u2019Ordine&nbsp; del Giorno. L\u2019Assemblea pu\u00f2 essere convocata anche fuori dalla sede legale, in via telematica\/internet. L\u2019Assemblea Ordinaria delibera su: bilancio consuntivo, bilancio preventivo, indirizzi e direttive generali dell\u2019Associazione e su tutto quant\u2019altro a lei demandato dal regolamento interno o per legge;<\/p>\n\n\n\n<p>      2. <strong><em style=\"font-weight: bold;\"><strong><em>Assembla Straordinaria<\/em><\/strong><\/em>:<\/strong><\/p>\n\n\n\n<ul class=\"wp-block-list\">\n<li>si riunisce in seduta straordinaria su richiesta di un terzo degli Associati o di almeno un terzo dei membri del Consiglio Direttivo o per decisione del Presidente, ogni qualvolta egli ne ravvisi la necessit\u00e0. L\u2019Assemblea Straordinaria pu\u00f2 decretare lo scioglimento dell\u2019Associazione con il voto favorevole di almeno \u00be degli Associati e deliberare sulle proposte di modifica dello Statuto per le quali \u00e8 richiesto il voto favorevole del 66% dei componenti dell\u2019Associazione;<\/li>\n\n\n\n<li>Hanno diritto di intervenire alle Assemblee tutti gli Associati in regola con il pagamento delle Quote Sociali.<\/li>\n\n\n\n<li>A ciascun Socio spetta un solo voto. Ciascun Socio pu\u00f2 portare un massimo di 2 deleghe che devono essere conferite per iscritto.<\/li>\n\n\n\n<li>L\u2019Assemblea nomina un Presidente ed un Segretario. Spetta al Presidente dell\u2019Assemblea di constatare la regolarit\u00e0 delle deleghe ed in genere il diritto di intervenire all\u2019Assemblea;<\/li>\n\n\n\n<li>delle riunioni di Assemblea si redige processo verbale firmato dal Presidente e dal Segretario dell\u2019Assemblea.<\/li>\n<\/ul>\n\n\n\n<p><strong><em><u>Art. 8. Organi Sociali<\/u><\/em><\/strong><strong><em><u><\/u><\/em><\/strong><\/p>\n\n\n\n<p>Sono Organi Sociali il Consiglio Direttivo, Il Consiglio Sindacale e l\u2019Assemblea dei Soci.<\/p>\n\n\n\n<p><strong><em><u>Art. 9. Controversie<\/u><\/em><\/strong><strong><em><u><\/u><\/em><\/strong><\/p>\n\n\n\n<p>Tutte le controversie sociali tra gli Associati e tra questi e l\u2019Associazione e suoi Organi Sociali, saranno sottoposte, con esclusione di ogni altra giurisdizione, alla competenza del Collegio&nbsp;&nbsp;&nbsp; Sindacale che giudicher\u00e0 ex bono ed aequo senza formalit\u00e0 di procedura.<\/p>\n\n\n\n<p><strong><em><u>Art. 10. Diritti e Doveri dei soci<\/u><\/em><\/strong><strong><em><u><\/u><\/em><\/strong><\/p>\n\n\n\n<p>Tutti i Soci iscritti all\u2019Associazione CISAR Perugia accettano i regolamenti della stessa,&nbsp;osservandone le regole.<\/p>\n\n\n\n<ol class=\"wp-block-list\">\n<li>i Soci Fondatori ed Ordinari hanno il diritto di eleggere gli Organi Sociali;<\/li>\n\n\n\n<li>i Soci Fondatori ed Ordinari possono essere eletti secondo le modalit\u00e0 indicate nel Regolamento Interno;<\/li>\n\n\n\n<li>tutti i Soci hanno diritto di essere informati sulle Attivit\u00e0 dell\u2019Associazione;<\/li>\n\n\n\n<li>i Soci Fondatori ed Ordinari dovranno versare la Quota Sociale entro e non oltre i termini stabiliti fissati al 31 gennaio di ogni anno;<\/li>\n\n\n\n<li>tutti i Soci svolgeranno la propria attivit\u00e0 nell\u2019Associazione in modo personale, volontario e gratuito, senza fini di lucro, in ragione delle disponibilit\u00e0 personali;<\/li>\n\n\n\n<li>i Soci con ruoli Manageriali o facenti parte del Consiglio Direttivo o Consiglio Sindacale, non possono far parte di altri gruppi o Associazioni se in questi andrebbero a svolgere mansioni manageriali o ricoprire cariche di qualsiasi genere.<\/li>\n<\/ol>\n\n\n\n<p><strong><em><u><strong><em><u>Art. 11. Scioglimento<\/u><\/em><\/strong><\/u><\/em><\/strong><\/p>\n\n\n\n<p>Nel caso di cessazione ovvero estinzione dell\u2019Associazione, per cause previste dal Codice Civile, lo scioglimento dell\u2019Associazione sar\u00e0 deciso dall\u2019Assemblea la quale provveder\u00e0 alla nomina di uno o pi\u00f9 liquidatori, determinandone i poteri e gli eventuali compensi.<\/p>\n\n\n\n<p>I beni che residuano dopo l\u2019esaurimento della liquidazione sono devoluti ad altri enti del Terzo Settore, secondo le indicazioni contenute nello Statuto o negli accordi degli aderenti, o, in mancanza, secondo le disposizioni del Codice Civile.<\/p>\n\n\n\n<p><strong><em><strong><em><u>Art. 12. Presunzione di conoscenza<\/u><\/em><\/strong><\/em><\/strong><\/p>\n\n\n\n<p>Chi chiede di far parte dell\u2019Associazione CISAR Perugia, tacitamente sottoscrive il presente Statuto e Regolamento Interno.<\/p>\n\n\n\n<p><em><strong><strong><em><u>Art. 13. Norma di rinvio<\/u><\/em><\/strong><\/strong><\/em><\/p>\n\n\n\n<p>Per quanto non previsto dal presente Statuto si fa rinvio al Codice Civile, alle leggi e regolamenti&nbsp; vigenti in materia.<\/p>\n\n\n\n<p>Perugia 20 gennaio 2021<\/p>\n\n\n\n<p>Atto depositato e registrato presso l&#8217; Agenzia delle Entrate il 19\/02\/2021 al n. 103, Mod. 3, Atti Privati <\/p>\n\n\n\n<p class=\"has-text-align-right\">\u00a9 <em>Riproduzione vietata<\/em><\/p>\n","protected":false},"excerpt":{"rendered":"<p>STATUTO CISAR PERUGIA Art. 1. Denominazione e Sede E\u2019 costituita, ai sensi del Codice Civile e del D.Lgs 117\/2017 e successive modifiche, l\u2019Associazione denominata \u201cAssociazione Nazionale Radioamatori CISAR Sezione di Perugia\u201d (in sigla CISAR Perugia), avente temporaneamente sede in via della Madonna Alta, 151 presso Istituto Scolastico IPC Pascal. L\u2019eventuale variazione di indirizzo nell\u2019ambito del [&hellip;]<\/p>\n","protected":false},"author":2,"featured_media":0,"parent":0,"menu_order":0,"comment_status":"closed","ping_status":"closed","template":"","meta":{"footnotes":""},"class_list":["post-107","page","type-page","status-publish","hentry"],"_links":{"self":[{"href":"https:\/\/www.cisarperugia.it\/index.php\/wp-json\/wp\/v2\/pages\/107","targetHints":{"allow":["GET"]}}],"collection":[{"href":"https:\/\/www.cisarperugia.it\/index.php\/wp-json\/wp\/v2\/pages"}],"about":[{"href":"https:\/\/www.cisarperugia.it\/index.php\/wp-json\/wp\/v2\/types\/page"}],"author":[{"embeddable":true,"href":"https:\/\/www.cisarperugia.it\/index.php\/wp-json\/wp\/v2\/users\/2"}],"replies":[{"embeddable":true,"href":"https:\/\/www.cisarperugia.it\/index.php\/wp-json\/wp\/v2\/comments?post=107"}],"version-history":[{"count":16,"href":"https:\/\/www.cisarperugia.it\/index.php\/wp-json\/wp\/v2\/pages\/107\/revisions"}],"predecessor-version":[{"id":1215,"href":"https:\/\/www.cisarperugia.it\/index.php\/wp-json\/wp\/v2\/pages\/107\/revisions\/1215"}],"wp:attachment":[{"href":"https:\/\/www.cisarperugia.it\/index.php\/wp-json\/wp\/v2\/media?parent=107"}],"curies":[{"name":"wp","href":"https:\/\/api.w.org\/{rel}","templated":true}]}}